{"id":12,"date":"2026-03-14T09:28:54","date_gmt":"2026-03-14T09:28:54","guid":{"rendered":"https:\/\/aeron.cymru\/?page_id=12"},"modified":"2026-05-15T06:41:07","modified_gmt":"2026-05-15T06:41:07","slug":"about","status":"publish","type":"page","link":"https:\/\/aeron.cymru\/cy\/about\/","title":{"rendered":"Amdanom ni"},"content":{"rendered":"<div data-elementor-type=\"wp-page\" data-elementor-id=\"12\" class=\"elementor elementor-12\" data-elementor-post-type=\"page\">\n\t\t\t\t<div class=\"elementor-element elementor-element-0465eca e-flex e-con-boxed e-con e-parent\" data-id=\"0465eca\" data-element_type=\"container\" data-e-type=\"container\" data-settings=\"{&quot;background_background&quot;:&quot;classic&quot;}\">\n\t\t\t\t\t<div class=\"e-con-inner\">\n\t\t\t\t\t<\/div>\n\t\t\t\t<\/div>\n\t\t<div class=\"elementor-element elementor-element-1fd27ee e-flex e-con-boxed e-con e-parent\" data-id=\"1fd27ee\" data-element_type=\"container\" data-e-type=\"container\" data-settings=\"{&quot;background_background&quot;:&quot;classic&quot;}\">\n\t\t\t\t\t<div class=\"e-con-inner\">\n\t\t<div class=\"elementor-element elementor-element-d18a18c e-con-full e-flex e-con e-child\" data-id=\"d18a18c\" data-element_type=\"container\" data-e-type=\"container\">\n\t\t\t\t<div class=\"elementor-element elementor-element-40926dd elementor-invisible elementor-widget elementor-widget-heading\" data-id=\"40926dd\" data-element_type=\"widget\" data-e-type=\"widget\" data-settings=\"{&quot;_animation&quot;:&quot;fadeIn&quot;}\" data-widget_type=\"heading.default\">\n\t\t\t\t\t<h2 class=\"elementor-heading-title elementor-size-default\">Amdanom ni<\/h2>\t\t\t\t<\/div>\n\t\t\t\t<div class=\"elementor-element elementor-element-079bc63 elementor-widget elementor-widget-text-editor\" data-id=\"079bc63\" data-element_type=\"widget\" data-e-type=\"widget\" data-widget_type=\"text-editor.default\">\n\t\t\t\t\t\t\t\t\t<p>Mae Cyfrifwyr Aeron yn gwmni cyfrifyddu wedi'i leoli yn Aberaeron, Gorllewin Cymru. Sefydlwyd y cwmni yn 2016 gan Dyfrig Davies.<\/p><p>Rydym yn bractis sy'n seiliedig ar y cwmwl, sy'n gwneud defnydd llawn o ddatblygiadau mewn technoleg cyfrifyddu digidol i helpu cleientiaid i leihau baich gweinyddiaeth fusnes o ddydd i ddydd, tra hefyd yn darparu gwybodaeth ariannol glir, ystyrlon a chyfoes.<\/p><p>Fel t\u00eem bach, rydym yn gallu cynnig gwasanaeth hyblyg ac ymatebol, gan addasu'n gyflym i anghenion ein cleientiaid yn ogystal ag i ddatblygiadau fel Gwneud Treth yn Ddigidol a newid technolegol ehangach.<\/p><p>Mae Cyfrifwyr Aeron yn bractis cofrestredig Cymdeithas Cyfrifwyr Ardystiedig Siartredig (ACCA).<\/p><p>Rydym hefyd yn falch o gynnig gwasanaeth dwyieithog gwerthfawr, gan gefnogi ein cleientiaid gyda'u holl ofynion cyfrifyddu yn y Gymraeg a'r Saesneg.<\/p>\t\t\t\t\t\t\t\t<\/div>\n\t\t\t\t<\/div>\n\t\t\t\t\t<\/div>\n\t\t\t\t<\/div>\n\t\t<div class=\"elementor-element elementor-element-4109189 e-flex e-con-boxed e-con e-parent\" data-id=\"4109189\" data-element_type=\"container\" data-e-type=\"container\" data-settings=\"{&quot;background_background&quot;:&quot;classic&quot;}\">\n\t\t\t\t\t<div class=\"e-con-inner\">\n\t\t<div class=\"elementor-element elementor-element-890d937 e-con-full e-flex e-con e-child\" data-id=\"890d937\" data-element_type=\"container\" data-e-type=\"container\">\n\t\t\t\t<div class=\"elementor-element elementor-element-284b27c elementor-widget elementor-widget-image\" data-id=\"284b27c\" data-element_type=\"widget\" data-e-type=\"widget\" data-widget_type=\"image.default\">\n\t\t\t\t\t\t\t\t\t\t\t\t\t\t\t<img fetchpriority=\"high\" decoding=\"async\" width=\"800\" height=\"800\" src=\"https:\/\/aeron.cymru\/wp-content\/uploads\/2026\/04\/owners-1024x1024.jpg\" class=\"attachment-large size-large wp-image-432\" alt=\"\" srcset=\"https:\/\/aeron.cymru\/wp-content\/uploads\/2026\/04\/owners-1024x1024.jpg 1024w, https:\/\/aeron.cymru\/wp-content\/uploads\/2026\/04\/owners-300x300.jpg 300w, https:\/\/aeron.cymru\/wp-content\/uploads\/2026\/04\/owners-150x150.jpg 150w, https:\/\/aeron.cymru\/wp-content\/uploads\/2026\/04\/owners-768x768.jpg 768w, https:\/\/aeron.cymru\/wp-content\/uploads\/2026\/04\/owners.jpg 1080w\" sizes=\"(max-width: 800px) 100vw, 800px\" \/>\t\t\t\t\t\t\t\t\t\t\t\t\t\t\t<\/div>\n\t\t\t\t<\/div>\n\t\t<div class=\"elementor-element elementor-element-278d419 e-con-full e-flex e-con e-child\" data-id=\"278d419\" data-element_type=\"container\" data-e-type=\"container\">\n\t\t\t\t<div class=\"elementor-element elementor-element-f9acf1e elementor-widget elementor-widget-heading\" data-id=\"f9acf1e\" data-element_type=\"widget\" data-e-type=\"widget\" data-widget_type=\"heading.default\">\n\t\t\t\t\t<h4 class=\"elementor-heading-title elementor-size-default\">Dyfrig ac Eleri Davies<\/h4>\t\t\t\t<\/div>\n\t\t\t\t<div class=\"elementor-element elementor-element-9ed33a5 elementor-widget elementor-widget-text-editor\" data-id=\"9ed33a5\" data-element_type=\"widget\" data-e-type=\"widget\" data-widget_type=\"text-editor.default\">\n\t\t\t\t\t\t\t\t\t<p>Wedi'i eni a'i fagu ar fferm gymysg yn Nhalgarreg, Ceredigion, astudiodd Dyfrig Lefel A cyn cwblhau gradd mewn Cyfrifeg a Chyllid ym Mhrifysgol Morganwg. Yna dychwelodd i'r ardal a dechrau gweithio i gwmni cyfrifeg lleol yn 2006.<\/p>\n<p>Ar \u00f4l gweithio yn y proffesiwn ers 2005, mae Dyfrig wedi meithrin ystod eang o brofiad ar draws cyfrifeg, archwilio a rheoli busnes, gan weithredu ar ran amrywiaeth eang o gleientiaid o lawer o sectorau gwahanol.<\/p>\n<p>Mae\u2019r ehangder hwn o brofiad yn rhoi dealltwriaeth gadarn iddo o\u2019r gofynion a\u2019r heriau sy\u2019n wynebu busnesau, yn enwedig y rhai sydd wedi\u2019u lleoli yng nghefn gwlad Gorllewin Cymru.<\/p>\n<p>Mae Dyfrig yn aelod o Gymdeithas y Cyfrifwyr Ardystiedig Siartredig (ACCA) a daeth yn Gymrawd o'r ACCA yn 2016.<\/p>\n<p>Y tu allan i'r gwaith, mae'n mwynhau pob math o chwaraeon, fel gwyliwr a chyfranogwr, ac mae wedi chwarae rygbi a ph\u00eal-droed i dimau lleol yn y gorffennol.<\/p>\n<p><span style=\"font-size: 1rem;\">Ymunodd Eleri \u00e2'r t\u00eem yn 2021. Cyn hynny, bu'n gweithio i bractis cyfrifyddu arall yng Ngorllewin Cymru ar \u00f4l graddio o'r brifysgol, lle astudiodd Fathemateg a Cherddoriaeth.<\/span><\/p>\n<p>Mae hi wedi bod yn gweithio yn y proffesiwn ers 2013 a chymhwysodd fel cyfrifydd siartredig gyda Sefydliad Cyfrifwyr Siartredig Cymru a Lloegr (ICAEW) yn 2019. Mae gan Eleri brofiad helaeth o baratoi cyfrifon ac ymdrin \u00e2 materion treth ar gyfer cwmn\u00efau, partneriaethau a masnachwyr unigol. Mae hi hefyd wedi ymgymryd \u00e2 gwaith archwilio ac mae ganddi brofiad mewn meysydd treth eraill, gan gynnwys TAW a PAYE.<\/p>\n<p>Mae Eleri wedi gweithio gydag amrywiaeth o feddalwedd cadw llyfrau, gan gynnwys QuickBooks, FreeAgent a Capium, ac mae hefyd yn Gynghorydd Xero ardystiedig.<\/p>\n<p>Yn siaradwr Cymraeg rhugl, magwyd Eleri ar fferm ger Llanbedr Pont Steffan. Cyn dod yn fam, chwaraeodd y sielo mewn sawl cerddorfa ledled Gorllewin Cymru a gwasanaethodd fel trysorydd Cerddorfa Siambr Llanbedr Pont Steffan, y mae hi bellach wedi ailymuno \u00e2 hi.<\/p>\n<p>Gyda'i gilydd, mae gan Dyfrig ac Eleri ddau fachgen ifanc, sydd bellach yn eu cadw'n brysur iawn y tu allan i'r gwaith.<br><\/p>\t\t\t\t\t\t\t\t<\/div>\n\t\t\t\t<\/div>\n\t\t\t\t\t<\/div>\n\t\t\t\t<\/div>\n\t\t<div class=\"elementor-element elementor-element-9ef6f17 e-flex e-con-boxed e-con e-parent\" data-id=\"9ef6f17\" data-element_type=\"container\" data-e-type=\"container\" data-settings=\"{&quot;background_background&quot;:&quot;classic&quot;}\">\n\t\t\t\t\t<div class=\"e-con-inner\">\n\t\t<div class=\"elementor-element elementor-element-e98ae3e e-con-full e-flex e-con e-child\" data-id=\"e98ae3e\" data-element_type=\"container\" data-e-type=\"container\">\n\t\t\t\t<div class=\"elementor-element elementor-element-7569631 elementor-widget elementor-widget-image\" data-id=\"7569631\" data-element_type=\"widget\" data-e-type=\"widget\" data-widget_type=\"image.default\">\n\t\t\t\t\t\t\t\t\t\t\t\t\t\t\t<img decoding=\"async\" width=\"800\" height=\"800\" src=\"https:\/\/aeron.cymru\/wp-content\/uploads\/2026\/04\/Ceinwen2-1024x1024.jpg\" class=\"attachment-large size-large wp-image-428\" alt=\"\" srcset=\"https:\/\/aeron.cymru\/wp-content\/uploads\/2026\/04\/Ceinwen2-1024x1024.jpg 1024w, https:\/\/aeron.cymru\/wp-content\/uploads\/2026\/04\/Ceinwen2-300x300.jpg 300w, https:\/\/aeron.cymru\/wp-content\/uploads\/2026\/04\/Ceinwen2-150x150.jpg 150w, https:\/\/aeron.cymru\/wp-content\/uploads\/2026\/04\/Ceinwen2-768x768.jpg 768w, https:\/\/aeron.cymru\/wp-content\/uploads\/2026\/04\/Ceinwen2.jpg 1080w\" sizes=\"(max-width: 800px) 100vw, 800px\" \/>\t\t\t\t\t\t\t\t\t\t\t\t\t\t\t<\/div>\n\t\t\t\t<\/div>\n\t\t<div class=\"elementor-element elementor-element-99719b1 e-con-full e-flex e-con e-child\" data-id=\"99719b1\" data-element_type=\"container\" data-e-type=\"container\">\n\t\t\t\t<div class=\"elementor-element elementor-element-5e58bc3 elementor-widget elementor-widget-heading\" data-id=\"5e58bc3\" data-element_type=\"widget\" data-e-type=\"widget\" data-widget_type=\"heading.default\">\n\t\t\t\t\t<h4 class=\"elementor-heading-title elementor-size-default\">Ceinwen James<\/h4>\t\t\t\t<\/div>\n\t\t\t\t<div class=\"elementor-element elementor-element-df8ff95 elementor-widget elementor-widget-text-editor\" data-id=\"df8ff95\" data-element_type=\"widget\" data-e-type=\"widget\" data-widget_type=\"text-editor.default\">\n\t\t\t\t\t\t\t\t\tYmunodd Ceinwen, sydd hefyd yn siaradwr Cymraeg, \u00e2 Cyfrifwyr Aeron ym mis Ebrill 2023 ac mae wedi dod yn aelod gwerthfawr o'r t\u00eem. Mae hi'n cefnogi cleientiaid gyda chadw llyfrau, TAW a chyflogres, gan ddod \u00e2 sgiliau trefnu cryf, dull ymarferol a gofal cleientiaid rhagorol. Cyn ymuno \u00e2'r practis, bu'n gweithio ym maes rheoli manwerthu, lle cafodd brofiad mewn TAW, cyllidebu a phrisio, a daniodd ei diddordeb mewn cyfrifeg yn gyntaf.\nAr hyn o bryd mae Ceinwen yn astudio tuag at ei chymhwyster Lefel 4 AAT, er bod hyn wedi'i ohirio ar hyn o bryd tra ei bod hi ar absenoldeb mamolaeth gyda'i phlentyn cyntaf. Y tu allan i'r gwaith, mae Ceinwen yn mwynhau ffotograffiaeth ac yn rhedwr brwdfrydig, gan gymryd rhan mewn digwyddiadau o ras 5Km i farathonau. Mae hi hefyd yn gobeithio cwblhau Ironman un diwrnod.\n\n\t\t\t\t\t\t\t\t<\/div>\n\t\t\t\t<\/div>\n\t\t\t\t\t<\/div>\n\t\t\t\t<\/div>\n\t\t<div class=\"elementor-element elementor-element-a998109 e-flex e-con-boxed e-con e-parent\" data-id=\"a998109\" data-element_type=\"container\" data-e-type=\"container\" data-settings=\"{&quot;background_background&quot;:&quot;classic&quot;}\">\n\t\t\t\t\t<div class=\"e-con-inner\">\n\t\t<div class=\"elementor-element elementor-element-276f88d e-con-full e-flex e-con e-child\" data-id=\"276f88d\" data-element_type=\"container\" data-e-type=\"container\">\n\t\t\t\t<div class=\"elementor-element elementor-element-465efd9 elementor-widget elementor-widget-image\" data-id=\"465efd9\" data-element_type=\"widget\" data-e-type=\"widget\" data-widget_type=\"image.default\">\n\t\t\t\t\t\t\t\t\t\t\t\t\t\t\t<img decoding=\"async\" width=\"800\" height=\"800\" src=\"https:\/\/aeron.cymru\/wp-content\/uploads\/2026\/04\/team3.jpg\" class=\"attachment-large size-large wp-image-378\" alt=\"\" \/>\t\t\t\t\t\t\t\t\t\t\t\t\t\t\t<\/div>\n\t\t\t\t<\/div>\n\t\t<div class=\"elementor-element elementor-element-990efee e-con-full e-flex e-con e-child\" data-id=\"990efee\" data-element_type=\"container\" data-e-type=\"container\">\n\t\t\t\t<div class=\"elementor-element elementor-element-30c1dfc elementor-widget elementor-widget-heading\" data-id=\"30c1dfc\" data-element_type=\"widget\" data-e-type=\"widget\" data-widget_type=\"heading.default\">\n\t\t\t\t\t<h4 class=\"elementor-heading-title elementor-size-default\">Heulwen Williams<\/h4>\t\t\t\t<\/div>\n\t\t\t\t<div class=\"elementor-element elementor-element-99b3420 elementor-widget elementor-widget-text-editor\" data-id=\"99b3420\" data-element_type=\"widget\" data-e-type=\"widget\" data-widget_type=\"text-editor.default\">\n\t\t\t\t\t\t\t\t\t<p>Ymunodd Heulwen \u00e2 ni ym mis Gorffennaf 2024 ac mae wedi dod yn aelod gwerthfawr o'n t\u00eem. Cyn ymuno \u00e2'r practis, treuliodd nifer o flynyddoedd yn gweithio mewn practis deintyddol cyn symud ymlaen i r\u00f4l cynorthwyydd gweinyddol o fewn y diwydiant adeiladu. Mae'r profiad amrywiol hwn wedi rhoi cefndir cryf iddi mewn trefnu, cefnogi cleientiaid a gweinyddu o ddydd i ddydd.<br \/>Yn y practis, mae Heulwen yn cefnogi cleientiaid gyda chyflogres, CIS a TAW, gan helpu i gadw prosesau hanfodol yn rhedeg yn esmwyth ac yn effeithlon.<br \/>Y tu allan i'r gwaith, mae Heulwen yn fam brysur i ddau o blant ifanc. Pan fydd ganddi'r amser, mae hi'n mwynhau bod yn yr awyr agored a mynd am dro.<\/p>\t\t\t\t\t\t\t\t<\/div>\n\t\t\t\t<\/div>\n\t\t\t\t\t<\/div>\n\t\t\t\t<\/div>\n\t\t<div class=\"elementor-element elementor-element-4a2fadf e-flex e-con-boxed e-con e-parent\" data-id=\"4a2fadf\" data-element_type=\"container\" data-e-type=\"container\" data-settings=\"{&quot;background_background&quot;:&quot;classic&quot;}\">\n\t\t\t\t\t<div class=\"e-con-inner\">\n\t\t<div class=\"elementor-element elementor-element-deb0c6d e-con-full e-flex e-con e-child\" data-id=\"deb0c6d\" data-element_type=\"container\" data-e-type=\"container\">\n\t\t\t\t<div class=\"elementor-element elementor-element-48012c9 elementor-widget elementor-widget-image\" data-id=\"48012c9\" data-element_type=\"widget\" data-e-type=\"widget\" data-widget_type=\"image.default\">\n\t\t\t\t\t\t\t\t\t\t\t\t\t\t\t<img loading=\"lazy\" decoding=\"async\" width=\"800\" height=\"800\" src=\"https:\/\/aeron.cymru\/wp-content\/uploads\/2026\/04\/team10.jpg\" class=\"attachment-large size-large wp-image-377\" alt=\"\" \/>\t\t\t\t\t\t\t\t\t\t\t\t\t\t\t<\/div>\n\t\t\t\t<\/div>\n\t\t<div class=\"elementor-element elementor-element-115ae14 e-con-full e-flex e-con e-child\" data-id=\"115ae14\" data-element_type=\"container\" data-e-type=\"container\">\n\t\t\t\t<div class=\"elementor-element elementor-element-9905449 elementor-widget elementor-widget-heading\" data-id=\"9905449\" data-element_type=\"widget\" data-e-type=\"widget\" data-widget_type=\"heading.default\">\n\t\t\t\t\t<h4 class=\"elementor-heading-title elementor-size-default\">Rose Phillips<\/h4>\t\t\t\t<\/div>\n\t\t\t\t<div class=\"elementor-element elementor-element-e48ac7b elementor-widget elementor-widget-text-editor\" data-id=\"e48ac7b\" data-element_type=\"widget\" data-e-type=\"widget\" data-widget_type=\"text-editor.default\">\n\t\t\t\t\t\t\t\t\tYmunodd Rose \u00e2 ni ym mis Gorffennaf 2025 ac mae ganddi fwy na 25 mlynedd o brofiad mewn cyfrifeg. Yn ystod ei gyrfa, mae hi wedi datblygu arbenigedd penodol mewn cyflogres, TAW a chyfrifon, gan helpu cleientiaid gyda chefnogaeth ddibynadwy ac ymarferol wedi'i theilwra i'w hanghenion o ddydd i ddydd. Mae hi'n aelod cymwys o Sefydliad y Cadwriaid Llyfrau Ardystiedig ac mae wedi ymrwymo i ddarparu gwasanaeth cywir, syml a phroffesiynol.\t\t\t\t\t\t\t\t<\/div>\n\t\t\t\t<\/div>\n\t\t\t\t\t<\/div>\n\t\t\t\t<\/div>\n\t\t<div class=\"elementor-element elementor-element-a918865 e-flex e-con-boxed e-con e-parent\" data-id=\"a918865\" data-element_type=\"container\" data-e-type=\"container\" data-settings=\"{&quot;background_background&quot;:&quot;classic&quot;}\">\n\t\t\t\t\t<div class=\"e-con-inner\">\n\t\t<div class=\"elementor-element elementor-element-1cca939 e-con-full e-flex e-con e-child\" data-id=\"1cca939\" data-element_type=\"container\" data-e-type=\"container\">\n\t\t\t\t<div class=\"elementor-element elementor-element-7e77c26 elementor-widget elementor-widget-image\" data-id=\"7e77c26\" data-element_type=\"widget\" data-e-type=\"widget\" data-widget_type=\"image.default\">\n\t\t\t\t\t\t\t\t\t\t\t\t\t\t\t<img loading=\"lazy\" decoding=\"async\" width=\"800\" height=\"800\" src=\"https:\/\/aeron.cymru\/wp-content\/uploads\/2026\/05\/josie.jpg\" class=\"attachment-large size-large wp-image-670\" alt=\"\" \/>\t\t\t\t\t\t\t\t\t\t\t\t\t\t\t<\/div>\n\t\t\t\t<\/div>\n\t\t<div class=\"elementor-element elementor-element-56b9b20 e-con-full e-flex e-con e-child\" data-id=\"56b9b20\" data-element_type=\"container\" data-e-type=\"container\">\n\t\t\t\t<div class=\"elementor-element elementor-element-c9f6c79 elementor-widget elementor-widget-heading\" data-id=\"c9f6c79\" data-element_type=\"widget\" data-e-type=\"widget\" data-widget_type=\"heading.default\">\n\t\t\t\t\t<h4 class=\"elementor-heading-title elementor-size-default\">Josie Butler<\/h4>\t\t\t\t<\/div>\n\t\t\t\t<div class=\"elementor-element elementor-element-53a18f3 elementor-widget elementor-widget-text-editor\" data-id=\"53a18f3\" data-element_type=\"widget\" data-e-type=\"widget\" data-widget_type=\"text-editor.default\">\n\t\t\t\t\t\t\t\t\tJosie yw aelod diweddaraf ein t\u00eem. Cyn ymuno \u00e2 Cyfrifwyr Aeron, bu\u2019n gweithio am 10 mlynedd mewn amrywiaeth o rolau ym maes lletygarwch a gwasanaeth cwsmeriaid. Ar \u00f4l cymryd seibiant gyrfa i gael ei dau blentyn, penderfynodd ddilyn cyfeiriad newydd a dechreuodd astudio ar gyfer gradd mewn Cyfrifeg a Chyllid drwy\u2019r Brifysgol Agored, ac mae\u2019n parhau \u00e2\u2019i hastudiaethau ochr yn ochr \u00e2\u2019i r\u00f4l gyda ni.\nY tu allan i\u2019r gwaith, mae Josie yn mwynhau crwydro\u2019r ardal leol gyda\u2019i theulu, coginio, pobi a dysgu ieithoedd.\t\t\t\t\t\t\t\t<\/div>\n\t\t\t\t<\/div>\n\t\t\t\t\t<\/div>\n\t\t\t\t<\/div>\n\t\t\t\t<\/div>","protected":false},"excerpt":{"rendered":"<p>About Us Aeron Accountants is an accountancy practice based in Aberaeron, West Wales. The practice was established in 2016 by Dyfrig Davies. We are a cloud-based practice, making full use of advances in digital accounting technology to help clients reduce the burden of day-to-day business administration, while also providing clear, meaningful and up-to-date financial information. [&hellip;]<\/p>\n","protected":false},"author":1,"featured_media":0,"parent":0,"menu_order":0,"comment_status":"closed","ping_status":"closed","template":"","meta":{"footnotes":""},"class_list":["post-12","page","type-page","status-publish","hentry"],"_links":{"self":[{"href":"https:\/\/aeron.cymru\/cy\/wp-json\/wp\/v2\/pages\/12","targetHints":{"allow":["GET"]}}],"collection":[{"href":"https:\/\/aeron.cymru\/cy\/wp-json\/wp\/v2\/pages"}],"about":[{"href":"https:\/\/aeron.cymru\/cy\/wp-json\/wp\/v2\/types\/page"}],"author":[{"embeddable":true,"href":"https:\/\/aeron.cymru\/cy\/wp-json\/wp\/v2\/users\/1"}],"replies":[{"embeddable":true,"href":"https:\/\/aeron.cymru\/cy\/wp-json\/wp\/v2\/comments?post=12"}],"version-history":[{"count":9,"href":"https:\/\/aeron.cymru\/cy\/wp-json\/wp\/v2\/pages\/12\/revisions"}],"predecessor-version":[{"id":676,"href":"https:\/\/aeron.cymru\/cy\/wp-json\/wp\/v2\/pages\/12\/revisions\/676"}],"wp:attachment":[{"href":"https:\/\/aeron.cymru\/cy\/wp-json\/wp\/v2\/media?parent=12"}],"curies":[{"name":"wp","href":"https:\/\/api.w.org\/{rel}","templated":true}]}}